{"id":1133,"date":"2020-04-07T11:14:55","date_gmt":"2020-04-07T10:14:55","guid":{"rendered":"http:\/\/www.fo-saint-etienne.fr\/fomunvse\/?page_id=1133"},"modified":"2020-04-07T11:15:11","modified_gmt":"2020-04-07T10:15:11","slug":"info-force-ouvriere","status":"publish","type":"page","link":"http:\/\/www.fo-saint-etienne.fr\/fomunvse\/?page_id=1133","title":{"rendered":"Info Force Ouvri\u00e8re"},"content":{"rendered":"<div id=\":640\" class=\"ii gt\">\n<div id=\":63z\" class=\"a3s aXjCH \">\n<div>\n<div>\n<div>\n<div>\n<p><span style=\"color: #993300;\"><strong>Les derni\u00e8res informations de<em>\u00a0FORCE OUVRI\u00c8RE Territoriaux<\/em> publi\u00e9es sur le site Internet\u00a0<a style=\"color: #993300;\" href=\"http:\/\/www.fo-territoriaux42.fr\/\" target=\"_blank\" rel=\"noopener noreferrer nofollow\" data-saferedirecturl=\"https:\/\/www.google.com\/url?q=http:\/\/www.fo-territoriaux42.fr\/&amp;source=gmail&amp;ust=1586330103279000&amp;usg=AFQjCNGr0U4FfXpOjSj85bEZHq4jPBXYTA\">fo-territoriaux42.fr<\/a>\u00a0<wbr \/>en cliquant sur le lien de l\u2019article\u00a0:<\/strong><\/span><\/p>\n<p><strong>&#8211;\u00a0<a href=\"http:\/\/www.fo-territoriaux42.fr\/2020\/03\/30\/coronavirus-comment-les-concours-et-examens-de-la-fonction-publique-vont-etre-adaptes\/\" target=\"_blank\" rel=\"nofollow noopener noreferrer\" data-saferedirecturl=\"https:\/\/www.google.com\/url?q=http:\/\/www.fo-territoriaux42.fr\/2020\/03\/30\/coronavirus-comment-les-concours-et-examens-de-la-fonction-publique-vont-etre-adaptes\/&amp;source=gmail&amp;ust=1586330103279000&amp;usg=AFQjCNGQScbqgJ7fdjIKDfK20mjVQG_UZw\">CORONAVIRUS : COMMENT LES CONCOURS ET EXAMENS DE LA FONCTION PUBLIQUE VONT \u00caTRE ADAPT\u00c9S<\/a><\/strong><strong><br \/>\n&#8211;\u00a0<a href=\"http:\/\/www.fo-territoriaux42.fr\/2020\/03\/31\/circulaire-de-notre-federation-fo-apportant-son-soutien-a-tous-nos-syndicats-et-militants-durant-cette-crise-sanitaire\/\" target=\"_blank\" rel=\"nofollow noopener noreferrer\" data-saferedirecturl=\"https:\/\/www.google.com\/url?q=http:\/\/www.fo-territoriaux42.fr\/2020\/03\/31\/circulaire-de-notre-federation-fo-apportant-son-soutien-a-tous-nos-syndicats-et-militants-durant-cette-crise-sanitaire\/&amp;source=gmail&amp;ust=1586330103279000&amp;usg=AFQjCNF5INVze_dTrJfWqmXZlbJ-w9L_Jg\">NOTRE F\u00c9D\u00c9RATION FO APPORTE SON SOUTIEN \u00c0 TOUS SES SYNDICATS ET MILITANTS DURANT CETTE CRISE SANITAIRE<\/a><br \/>\n&#8211;\u00a0<a href=\"http:\/\/www.fo-territoriaux42.fr\/2020\/03\/31\/le-coup-de-colere-de-fo-sante\/\" target=\"_blank\" rel=\"nofollow noopener noreferrer\" data-saferedirecturl=\"https:\/\/www.google.com\/url?q=http:\/\/www.fo-territoriaux42.fr\/2020\/03\/31\/le-coup-de-colere-de-fo-sante\/&amp;source=gmail&amp;ust=1586330103279000&amp;usg=AFQjCNEl9KHdIwcTLovQbT6yGi1gidMiyQ\">LE COUP DE COL\u00c8RE DE FO SANT\u00c9<\/a><br \/>\n&#8211;\u00a0<a href=\"http:\/\/www.fo-territoriaux42.fr\/2020\/03\/31\/les-premiers-de-corvee-doivent-etre-proteges\/\" target=\"_blank\" rel=\"nofollow noopener noreferrer\" data-saferedirecturl=\"https:\/\/www.google.com\/url?q=http:\/\/www.fo-territoriaux42.fr\/2020\/03\/31\/les-premiers-de-corvee-doivent-etre-proteges\/&amp;source=gmail&amp;ust=1586330103279000&amp;usg=AFQjCNGjnFL3lvBvo3kRnfin9dkORqoF3Q\">LES PREMIERS DE \u00ab\u00a0CORV\u00c9E\u00a0\u00bb DOIVENT \u00caTRE PROT\u00c9G\u00c9S<\/a><br \/>\n&#8211;\u00a0<a href=\"http:\/\/www.fo-territoriaux42.fr\/2020\/03\/31\/coronavirus-la-sante-et-la-securite-de-toutes-et-de-tous-avant-tout\/\" target=\"_blank\" rel=\"nofollow noopener noreferrer\" data-saferedirecturl=\"https:\/\/www.google.com\/url?q=http:\/\/www.fo-territoriaux42.fr\/2020\/03\/31\/coronavirus-la-sante-et-la-securite-de-toutes-et-de-tous-avant-tout\/&amp;source=gmail&amp;ust=1586330103279000&amp;usg=AFQjCNGmph600an_uEX2Epxcm6Mj5qaHxg\">CORONAVIRUS : LA SANT\u00c9 ET LA S\u00c9CURIT\u00c9 DE TOUTES ET DE TOUS AVANT TOUT<\/a><br \/>\n&#8211;\u00a0<a href=\"http:\/\/www.fo-territoriaux42.fr\/2020\/04\/02\/le-gouvernement-reste-confine-dans-le-deni-du-dialogue-social\/\" target=\"_blank\" rel=\"nofollow noopener noreferrer\" data-saferedirecturl=\"https:\/\/www.google.com\/url?q=http:\/\/www.fo-territoriaux42.fr\/2020\/04\/02\/le-gouvernement-reste-confine-dans-le-deni-du-dialogue-social\/&amp;source=gmail&amp;ust=1586330103279000&amp;usg=AFQjCNG7S4TSo2HS5WzGsKlp1hn6XujQtg\">LE GOUVERNEMENT RESTE CONFIN\u00c9 DANS LE D\u00c9NI DU DIALOGUE SOCIA<\/a>L<br \/>\n&#8211;\u00a0<a href=\"http:\/\/www.fo-territoriaux42.fr\/2020\/04\/02\/un-nouveau-train-dordonnances-pour-les-collectivites\/\" target=\"_blank\" rel=\"nofollow noopener noreferrer\" data-saferedirecturl=\"https:\/\/www.google.com\/url?q=http:\/\/www.fo-territoriaux42.fr\/2020\/04\/02\/un-nouveau-train-dordonnances-pour-les-collectivites\/&amp;source=gmail&amp;ust=1586330103279000&amp;usg=AFQjCNGzu2iFRIPSKkTqJ-X1W4SYJy5J8w\">UN NOUVEAU TRAIN D\u2019ORDONNANCES POUR LES COLLECTIVIT\u00c9S<\/a><br \/>\n&#8211;\u00a0<a href=\"http:\/\/www.fo-territoriaux42.fr\/2020\/04\/03\/ce-qui-est-prevu-pour-assurer-la-continuite-a-distance-du-dialogue-social-dans-la-fonction-publique\/\" target=\"_blank\" rel=\"nofollow noopener noreferrer\" data-saferedirecturl=\"https:\/\/www.google.com\/url?q=http:\/\/www.fo-territoriaux42.fr\/2020\/04\/03\/ce-qui-est-prevu-pour-assurer-la-continuite-a-distance-du-dialogue-social-dans-la-fonction-publique\/&amp;source=gmail&amp;ust=1586330103279000&amp;usg=AFQjCNGZVbcl6Mo0Pt8Kp5Q7v5gp2B31GQ\">CE QUI EST PR\u00c9VU POUR ASSURER LA CONTINUIT\u00c9 (\u00c0 DISTANCE) DU DIALOGUE SOCIAL DANS LA FONCTION PUBLIQUE<\/a><br \/>\n&#8211;\u00a0<a href=\"http:\/\/www.fo-territoriaux42.fr\/2020\/04\/03\/la-federation-fo-des-services-publics-et-de-sante-et-ses-unions-nationales-portent-plainte-contre-x\/\" target=\"_blank\" rel=\"nofollow noopener noreferrer\" data-saferedirecturl=\"https:\/\/www.google.com\/url?q=http:\/\/www.fo-territoriaux42.fr\/2020\/04\/03\/la-federation-fo-des-services-publics-et-de-sante-et-ses-unions-nationales-portent-plainte-contre-x\/&amp;source=gmail&amp;ust=1586330103279000&amp;usg=AFQjCNFkNuTTUa3jiCwdPaDnFJIFYJF5EQ\">LA F\u00c9D\u00c9RATION FO DES SERVICES PUBLICS ET DE SANT\u00c9 ET SES UNIONS NATIONALES PORTENT PLAINTE CONTRE X<\/a><br \/>\n&#8211;\u00a0<a href=\"http:\/\/www.fo-territoriaux42.fr\/2020\/04\/04\/coronavirus-faut-il-reporter-sa-demande-de-retraite\/\" target=\"_blank\" rel=\"nofollow noopener noreferrer\" data-saferedirecturl=\"https:\/\/www.google.com\/url?q=http:\/\/www.fo-territoriaux42.fr\/2020\/04\/04\/coronavirus-faut-il-reporter-sa-demande-de-retraite\/&amp;source=gmail&amp;ust=1586330103279000&amp;usg=AFQjCNHhHk5LBcH4QAfT-HCuk29JbM6QHQ\">CORONAVIRUS : FAUT-IL REPORTER SA DEMANDE DE RETRAITE ?<\/a><\/strong><\/p>\n<\/div>\n<\/div>\n<\/div>\n<div class=\"yj6qo\"><\/div>\n<div class=\"adL\"><\/div>\n<\/div>\n<\/div>\n<\/div>\n<div class=\"hi\"><\/div>\n","protected":false},"excerpt":{"rendered":"<p>Les derni\u00e8res informations de\u00a0FORCE OUVRI\u00c8RE Territoriaux publi\u00e9es sur le site Internet\u00a0fo-territoriaux42.fr\u00a0en cliquant sur le lien de l\u2019article\u00a0: &#8211;\u00a0CORONAVIRUS : COMMENT LES CONCOURS ET EXAMENS DE [&#8230;]<\/p>\n","protected":false},"author":1,"featured_media":0,"parent":0,"menu_order":0,"comment_status":"closed","ping_status":"closed","template":"","meta":{"jetpack_post_was_ever_published":false,"footnotes":""},"class_list":["post-1133","page","type-page","status-publish","hentry"],"jetpack_sharing_enabled":true,"jetpack_shortlink":"https:\/\/wp.me\/P9roQz-ih","jetpack_likes_enabled":false,"publishpress_future_action":{"enabled":false,"date":"2026-04-15 04:40:25","action":"change-status","newStatus":"draft","terms":[],"taxonomy":""},"publishpress_future_workflow_manual_trigger":{"enabledWorkflows":[]},"_links":{"self":[{"href":"http:\/\/www.fo-saint-etienne.fr\/fomunvse\/index.php?rest_route=\/wp\/v2\/pages\/1133","targetHints":{"allow":["GET"]}}],"collection":[{"href":"http:\/\/www.fo-saint-etienne.fr\/fomunvse\/index.php?rest_route=\/wp\/v2\/pages"}],"about":[{"href":"http:\/\/www.fo-saint-etienne.fr\/fomunvse\/index.php?rest_route=\/wp\/v2\/types\/page"}],"author":[{"embeddable":true,"href":"http:\/\/www.fo-saint-etienne.fr\/fomunvse\/index.php?rest_route=\/wp\/v2\/users\/1"}],"replies":[{"embeddable":true,"href":"http:\/\/www.fo-saint-etienne.fr\/fomunvse\/index.php?rest_route=%2Fwp%2Fv2%2Fcomments&post=1133"}],"version-history":[{"count":2,"href":"http:\/\/www.fo-saint-etienne.fr\/fomunvse\/index.php?rest_route=\/wp\/v2\/pages\/1133\/revisions"}],"predecessor-version":[{"id":1136,"href":"http:\/\/www.fo-saint-etienne.fr\/fomunvse\/index.php?rest_route=\/wp\/v2\/pages\/1133\/revisions\/1136"}],"wp:attachment":[{"href":"http:\/\/www.fo-saint-etienne.fr\/fomunvse\/index.php?rest_route=%2Fwp%2Fv2%2Fmedia&parent=1133"}],"curies":[{"name":"wp","href":"https:\/\/api.w.org\/{rel}","templated":true}]}}