{"id":2255,"date":"2025-01-14T00:29:23","date_gmt":"2025-01-13T23:29:23","guid":{"rendered":"http:\/\/www.fo-saint-etienne.fr\/fomunvse\/?page_id=2255"},"modified":"2025-01-14T00:29:23","modified_gmt":"2025-01-13T23:29:23","slug":"sante-securite-au-travail-les-accidents-de-service","status":"publish","type":"page","link":"http:\/\/www.fo-saint-etienne.fr\/fomunvse\/?page_id=2255","title":{"rendered":"Sant\u00e9-S\u00e9curit\u00e9 au Travail : Les accidents de service"},"content":{"rendered":"<p><code><div class=\"df-element df-lite\"  data-slug=\"sante-securite-au-travail-les-accidents-de-service\" data-_slug=\"sante-securite-au-travail-les-accidents-de-service\" data-title=\"sante-securite-au-travail-les-accidents-de-service\" id=\"df_2213\" data-option=\"df_option_2213\" ><\/div><script class=\"df-shortcode-script\" type=\"application\/javascript\">window.df_option_2213 = {\"source\":\"http:\\\/\\\/www.fo-saint-etienne.fr\\\/fomunvse\\\/wp-content\\\/uploads\\\/2025\\\/01\\\/Les-accidents-de-service.pdf\",\"viewerType\":\"flipbook\",\"slug\":\"sante-securite-au-travail-les-accidents-de-service\",\"id\":2213}; if(window.DEARPDF && window.DEARPDF.parseElements){window.DEARPDF.parseElements();}<\/script><\/code><\/p>\n","protected":false},"excerpt":{"rendered":"","protected":false},"author":1,"featured_media":0,"parent":0,"menu_order":0,"comment_status":"closed","ping_status":"closed","template":"","meta":{"jetpack_post_was_ever_published":false,"footnotes":""},"class_list":["post-2255","page","type-page","status-publish","hentry"],"jetpack_sharing_enabled":true,"jetpack_shortlink":"https:\/\/wp.me\/P9roQz-An","jetpack_likes_enabled":false,"publishpress_future_action":{"enabled":false,"date":"2026-04-22 14:58:14","action":"change-status","newStatus":"draft","terms":[],"taxonomy":""},"publishpress_future_workflow_manual_trigger":{"enabledWorkflows":[]},"_links":{"self":[{"href":"http:\/\/www.fo-saint-etienne.fr\/fomunvse\/index.php?rest_route=\/wp\/v2\/pages\/2255","targetHints":{"allow":["GET"]}}],"collection":[{"href":"http:\/\/www.fo-saint-etienne.fr\/fomunvse\/index.php?rest_route=\/wp\/v2\/pages"}],"about":[{"href":"http:\/\/www.fo-saint-etienne.fr\/fomunvse\/index.php?rest_route=\/wp\/v2\/types\/page"}],"author":[{"embeddable":true,"href":"http:\/\/www.fo-saint-etienne.fr\/fomunvse\/index.php?rest_route=\/wp\/v2\/users\/1"}],"replies":[{"embeddable":true,"href":"http:\/\/www.fo-saint-etienne.fr\/fomunvse\/index.php?rest_route=%2Fwp%2Fv2%2Fcomments&post=2255"}],"version-history":[{"count":1,"href":"http:\/\/www.fo-saint-etienne.fr\/fomunvse\/index.php?rest_route=\/wp\/v2\/pages\/2255\/revisions"}],"predecessor-version":[{"id":2256,"href":"http:\/\/www.fo-saint-etienne.fr\/fomunvse\/index.php?rest_route=\/wp\/v2\/pages\/2255\/revisions\/2256"}],"wp:attachment":[{"href":"http:\/\/www.fo-saint-etienne.fr\/fomunvse\/index.php?rest_route=%2Fwp%2Fv2%2Fmedia&parent=2255"}],"curies":[{"name":"wp","href":"https:\/\/api.w.org\/{rel}","templated":true}]}}