{"id":2270,"date":"2025-01-14T10:07:07","date_gmt":"2025-01-14T09:07:07","guid":{"rendered":"http:\/\/www.fo-saint-etienne.fr\/fomunvse\/?page_id=2270"},"modified":"2025-01-14T10:31:56","modified_gmt":"2025-01-14T09:31:56","slug":"temps-partiel-des-agents-des-regles-assouplies","status":"publish","type":"page","link":"http:\/\/www.fo-saint-etienne.fr\/fomunvse\/?page_id=2270","title":{"rendered":"Temps partiel des agents : des r\u00e8gles assouplies"},"content":{"rendered":"<p><a href=\"https:\/\/i0.wp.com\/www.fo-saint-etienne.fr\/fomunvse\/wp-content\/uploads\/2025\/01\/Sansdfqsdfsqdfsdfsdfdfffsfs-titre-1-copie.jpg\"><img data-recalc-dims=\"1\" loading=\"lazy\" decoding=\"async\" data-attachment-id=\"2272\" data-permalink=\"http:\/\/www.fo-saint-etienne.fr\/fomunvse\/?attachment_id=2272\" data-orig-file=\"https:\/\/i0.wp.com\/www.fo-saint-etienne.fr\/fomunvse\/wp-content\/uploads\/2025\/01\/Sansdfqsdfsqdfsdfsdfdfffsfs-titre-1-copie.jpg?fit=1040%2C740\" data-orig-size=\"1040,740\" data-comments-opened=\"1\" data-image-meta=\"{&quot;aperture&quot;:&quot;0&quot;,&quot;credit&quot;:&quot;&quot;,&quot;camera&quot;:&quot;&quot;,&quot;caption&quot;:&quot;&quot;,&quot;created_timestamp&quot;:&quot;0&quot;,&quot;copyright&quot;:&quot;&quot;,&quot;focal_length&quot;:&quot;0&quot;,&quot;iso&quot;:&quot;0&quot;,&quot;shutter_speed&quot;:&quot;0&quot;,&quot;title&quot;:&quot;&quot;,&quot;orientation&quot;:&quot;0&quot;}\" data-image-title=\"Sansdfqsdfsqdfsdfsdfdfffsfs titre-1 copie\" data-image-description=\"\" data-image-caption=\"\" data-medium-file=\"https:\/\/i0.wp.com\/www.fo-saint-etienne.fr\/fomunvse\/wp-content\/uploads\/2025\/01\/Sansdfqsdfsqdfsdfsdfdfffsfs-titre-1-copie.jpg?fit=300%2C213\" data-large-file=\"https:\/\/i0.wp.com\/www.fo-saint-etienne.fr\/fomunvse\/wp-content\/uploads\/2025\/01\/Sansdfqsdfsqdfsdfsdfdfffsfs-titre-1-copie.jpg?fit=860%2C612\" class=\"size-medium wp-image-2272 aligncenter\" src=\"https:\/\/i0.wp.com\/www.fo-saint-etienne.fr\/fomunvse\/wp-content\/uploads\/2025\/01\/Sansdfqsdfsqdfsdfsdfdfffsfs-titre-1-copie.jpg?resize=300%2C213\" alt=\"\" width=\"300\" height=\"213\" srcset=\"https:\/\/i0.wp.com\/www.fo-saint-etienne.fr\/fomunvse\/wp-content\/uploads\/2025\/01\/Sansdfqsdfsqdfsdfsdfdfffsfs-titre-1-copie.jpg?resize=300%2C213 300w, https:\/\/i0.wp.com\/www.fo-saint-etienne.fr\/fomunvse\/wp-content\/uploads\/2025\/01\/Sansdfqsdfsqdfsdfsdfdfffsfs-titre-1-copie.jpg?resize=1024%2C729 1024w, https:\/\/i0.wp.com\/www.fo-saint-etienne.fr\/fomunvse\/wp-content\/uploads\/2025\/01\/Sansdfqsdfsqdfsdfsdfdfffsfs-titre-1-copie.jpg?resize=768%2C546 768w, https:\/\/i0.wp.com\/www.fo-saint-etienne.fr\/fomunvse\/wp-content\/uploads\/2025\/01\/Sansdfqsdfsqdfsdfsdfdfffsfs-titre-1-copie.jpg?resize=100%2C70 100w, https:\/\/i0.wp.com\/www.fo-saint-etienne.fr\/fomunvse\/wp-content\/uploads\/2025\/01\/Sansdfqsdfsqdfsdfsdfdfffsfs-titre-1-copie.jpg?w=1040 1040w\" sizes=\"auto, (max-width: 300px) 100vw, 300px\" \/><\/a><\/p>\n<p><span style=\"color: #993366;\"><strong>Le b\u00e9n\u00e9fice du temps partiel &#8211; qu&rsquo;il soit sur autorisation ou de droit &#8211; est \u00e9largi ou facilit\u00e9 pour les fonctionnaires \u00e0 temps non complet et les agents contractuels. Ces nouveaut\u00e9s proviennent d&rsquo;un d\u00e9cret paru \u00e0 la Saint-Sylvestre.<\/strong><\/span><\/p>\n<p class=\"text-align-justify\"><span style=\"color: #993366;\"><strong>Les fonctionnaires \u00e0 temps non complet peuvent d\u00e9sormais b\u00e9n\u00e9ficier d&rsquo;un temps partiel sur autorisation, comme c&rsquo;\u00e9tait d\u00e9j\u00e0 le cas avant pour les fonctionnaires \u00e0 temps complet. Ainsi, les fonctionnaires territoriaux \u00e0 temps non complet, en activit\u00e9 ou en service d\u00e9tach\u00e9 \u00ab\u00a0peuvent \u00eatre autoris\u00e9s, sur leur demande et sous r\u00e9serve des n\u00e9cessit\u00e9s du service, \u00e0 b\u00e9n\u00e9ficier d&rsquo;un service \u00e0 temps partiel dont la dur\u00e9e est \u00e9gale \u00e0 50%, 60%, 70%, 80% ou 90% de la dur\u00e9e hebdomadaire du service que les agents \u00e0 temps plein exer\u00e7ant les m\u00eames fonctions doivent effectuer\u00a0\u00bb.<\/strong><\/span><\/p>\n<p class=\"text-align-justify\"><span style=\"color: #993366;\"><strong>Par ailleurs, les agents contractuels \u00e0 temps complet peuvent d\u00e9sormais b\u00e9n\u00e9ficier sans condition d&rsquo;anciennet\u00e9 d&rsquo;un temps partiel sur autorisation. Jusqu&rsquo;\u00e0 pr\u00e9sent, une condition d&rsquo;anciennet\u00e9 de plus d&rsquo;un an \u00e9tait exig\u00e9e. Celle-ci est donc supprim\u00e9e.<\/strong><\/span><\/p>\n<p class=\"text-align-justify\"><span style=\"color: #993366;\"><strong>Le b\u00e9n\u00e9fice du temps partiel sur autorisation est \u00e9galement ouvert aux agents contractuels \u00e0 temps non complet. Auparavant, ceux-ci en \u00e9taient exclus. D\u00e9sormais, les agents contractuels en activit\u00e9 employ\u00e9s \u00e0 temps non complet \u00ab\u00a0peuvent, sur leur demande et sous r\u00e9serve des n\u00e9cessit\u00e9s du service, b\u00e9n\u00e9ficier d&rsquo;un service \u00e0 temps partiel sur autorisation dont la dur\u00e9e est \u00e9gale \u00e0 50%, 60%, 70%, 80% ou 90% de la dur\u00e9e hebdomadaire du service que les agents \u00e0 temps plein exer\u00e7ant les m\u00eames fonctions doivent effectuer\u00a0\u00bb.<\/strong><\/span><\/p>\n<p class=\"text-align-justify\"><span style=\"color: #993366;\"><strong>Le b\u00e9n\u00e9fice du temps partiel dit de droit est \u00e9galement \u00e9largi. Les conditions d&rsquo;anciennet\u00e9 qui \u00e9taient requises pour les agents contractuels \u00e0 temps complet disparaissent. Il fallait que ces derniers soient employ\u00e9s \u00ab\u00a0depuis plus d&rsquo;un an \u00e0 temps complet ou en \u00e9quivalent temps plein\u00a0\u00bb. Ceci n&rsquo;est plus exig\u00e9. Par ailleurs, le b\u00e9n\u00e9fice du temps partiel de droit est ouvert aux agents contractuels \u00e0 temps non complet (sans condition d&rsquo;anciennet\u00e9). Jusqu&rsquo;\u00e0 maintenant, ils \u00e9taient tenus \u00e0 l&rsquo;\u00e9cart de ce droit.<\/strong><\/span><\/p>\n<p class=\"text-align-justify\"><span style=\"color: #993366;\"><strong>Ainsi, le temps partiel (de 50% \u00e0 80% du temps plein) est accord\u00e9 de plein droit aux agents contractuels jusqu&rsquo;aux trois ans de leur enfant, ou s&rsquo;ils doivent donner des soins \u00e0 un proche atteint d&rsquo;un handicap ou d&rsquo;une maladie grave.<\/strong><\/span><\/p>\n<p class=\"text-align-justify\"><span style=\"color: #993366;\"><strong>Les nouvelles dispositions \u00ab\u00a0participent \u00e0 l&rsquo;attractivit\u00e9 de la fonction publique\u00a0\u00bb, d\u00e9clare le gouvernement. Elles visent aussi \u00e0 mettre en conformit\u00e9 le droit de la fonction publique avec une directive europ\u00e9enne de 2019 \u00ab\u00a0relative \u00e0 l&rsquo;\u00e9quilibre entre la vie professionnelle et vie priv\u00e9e des parents et des aidants\u00a0\u00bb.<\/strong><\/span><\/p>\n<div class=\"table-responsive\">\n<table>\n<tbody>\n<tr>\n<td><em><strong>R\u00e9f\u00e9rence\u00a0<\/strong>:\u00a0<\/em><a class=\"ext\" title=\"(opens in a new window)\" href=\"https:\/\/www.legifrance.gouv.fr\/eli\/decret\/2024\/12\/30\/APFF2405210D\/jo\/texte\" target=\"_blank\" rel=\"noopener\" data-extlink=\"\"><em>d\u00e9cret<\/em><span class=\"sr-only\">(Lien sortant, nouvelle fen\u00eatre)<\/span><\/a><em> n\u00b0 2024-1263 du 30 d\u00e9cembre 2024 relatif aux conditions requises pour l&rsquo;acc\u00e8s au temps partiel de certains agents de la fonction publique.<\/em><\/p>\n<p>&nbsp;<\/p>\n<p><a href=\"https:\/\/www.banquedesterritoires.fr\/fonction-publique-territoriale-les-textes-parus-durant-la-treve-des-confiseurs\" target=\"_blank\" rel=\"noopener\">\u00a9 banque des territoires<\/a><\/td>\n<\/tr>\n<\/tbody>\n<\/table>\n<\/div>\n","protected":false},"excerpt":{"rendered":"<p>Le b\u00e9n\u00e9fice du temps partiel &#8211; qu&rsquo;il soit sur autorisation ou de droit &#8211; est \u00e9largi ou facilit\u00e9 pour les fonctionnaires \u00e0 temps non complet [&#8230;]<\/p>\n","protected":false},"author":1,"featured_media":0,"parent":0,"menu_order":0,"comment_status":"closed","ping_status":"closed","template":"","meta":{"jetpack_post_was_ever_published":false,"footnotes":""},"class_list":["post-2270","page","type-page","status-publish","hentry"],"jetpack_sharing_enabled":true,"jetpack_shortlink":"https:\/\/wp.me\/P9roQz-AC","jetpack_likes_enabled":false,"publishpress_future_action":{"enabled":false,"date":"2026-04-24 11:04:11","action":"change-status","newStatus":"draft","terms":[],"taxonomy":""},"publishpress_future_workflow_manual_trigger":{"enabledWorkflows":[]},"_links":{"self":[{"href":"http:\/\/www.fo-saint-etienne.fr\/fomunvse\/index.php?rest_route=\/wp\/v2\/pages\/2270","targetHints":{"allow":["GET"]}}],"collection":[{"href":"http:\/\/www.fo-saint-etienne.fr\/fomunvse\/index.php?rest_route=\/wp\/v2\/pages"}],"about":[{"href":"http:\/\/www.fo-saint-etienne.fr\/fomunvse\/index.php?rest_route=\/wp\/v2\/types\/page"}],"author":[{"embeddable":true,"href":"http:\/\/www.fo-saint-etienne.fr\/fomunvse\/index.php?rest_route=\/wp\/v2\/users\/1"}],"replies":[{"embeddable":true,"href":"http:\/\/www.fo-saint-etienne.fr\/fomunvse\/index.php?rest_route=%2Fwp%2Fv2%2Fcomments&post=2270"}],"version-history":[{"count":3,"href":"http:\/\/www.fo-saint-etienne.fr\/fomunvse\/index.php?rest_route=\/wp\/v2\/pages\/2270\/revisions"}],"predecessor-version":[{"id":2292,"href":"http:\/\/www.fo-saint-etienne.fr\/fomunvse\/index.php?rest_route=\/wp\/v2\/pages\/2270\/revisions\/2292"}],"wp:attachment":[{"href":"http:\/\/www.fo-saint-etienne.fr\/fomunvse\/index.php?rest_route=%2Fwp%2Fv2%2Fmedia&parent=2270"}],"curies":[{"name":"wp","href":"https:\/\/api.w.org\/{rel}","templated":true}]}}