{"id":2277,"date":"2025-01-14T10:11:56","date_gmt":"2025-01-14T09:11:56","guid":{"rendered":"http:\/\/www.fo-saint-etienne.fr\/fomunvse\/?page_id=2277"},"modified":"2025-01-14T10:31:06","modified_gmt":"2025-01-14T09:31:06","slug":"modalites-de-titularisation-des-apprentis-en-situation-de-handicap","status":"publish","type":"page","link":"http:\/\/www.fo-saint-etienne.fr\/fomunvse\/?page_id=2277","title":{"rendered":"Modalit\u00e9s de titularisation des apprentis en situation de handicap"},"content":{"rendered":"<h4 style=\"text-align: center;\"><a href=\"https:\/\/i0.wp.com\/www.fo-saint-etienne.fr\/fomunvse\/wp-content\/uploads\/2025\/01\/Sansdfqsdfsqdfsdfsdfdfffsfs-titre-1-copie.jpg\"><img data-recalc-dims=\"1\" loading=\"lazy\" decoding=\"async\" data-attachment-id=\"2272\" data-permalink=\"http:\/\/www.fo-saint-etienne.fr\/fomunvse\/?attachment_id=2272\" data-orig-file=\"https:\/\/i0.wp.com\/www.fo-saint-etienne.fr\/fomunvse\/wp-content\/uploads\/2025\/01\/Sansdfqsdfsqdfsdfsdfdfffsfs-titre-1-copie.jpg?fit=1040%2C740\" data-orig-size=\"1040,740\" data-comments-opened=\"1\" data-image-meta=\"{&quot;aperture&quot;:&quot;0&quot;,&quot;credit&quot;:&quot;&quot;,&quot;camera&quot;:&quot;&quot;,&quot;caption&quot;:&quot;&quot;,&quot;created_timestamp&quot;:&quot;0&quot;,&quot;copyright&quot;:&quot;&quot;,&quot;focal_length&quot;:&quot;0&quot;,&quot;iso&quot;:&quot;0&quot;,&quot;shutter_speed&quot;:&quot;0&quot;,&quot;title&quot;:&quot;&quot;,&quot;orientation&quot;:&quot;0&quot;}\" data-image-title=\"Sansdfqsdfsqdfsdfsdfdfffsfs titre-1 copie\" data-image-description=\"\" data-image-caption=\"\" data-medium-file=\"https:\/\/i0.wp.com\/www.fo-saint-etienne.fr\/fomunvse\/wp-content\/uploads\/2025\/01\/Sansdfqsdfsqdfsdfsdfdfffsfs-titre-1-copie.jpg?fit=300%2C213\" data-large-file=\"https:\/\/i0.wp.com\/www.fo-saint-etienne.fr\/fomunvse\/wp-content\/uploads\/2025\/01\/Sansdfqsdfsqdfsdfsdfdfffsfs-titre-1-copie.jpg?fit=860%2C612\" class=\"alignnone size-medium wp-image-2272\" src=\"https:\/\/i0.wp.com\/www.fo-saint-etienne.fr\/fomunvse\/wp-content\/uploads\/2025\/01\/Sansdfqsdfsqdfsdfsdfdfffsfs-titre-1-copie.jpg?resize=300%2C213\" alt=\"\" width=\"300\" height=\"213\" srcset=\"https:\/\/i0.wp.com\/www.fo-saint-etienne.fr\/fomunvse\/wp-content\/uploads\/2025\/01\/Sansdfqsdfsqdfsdfsdfdfffsfs-titre-1-copie.jpg?resize=300%2C213 300w, https:\/\/i0.wp.com\/www.fo-saint-etienne.fr\/fomunvse\/wp-content\/uploads\/2025\/01\/Sansdfqsdfsqdfsdfsdfdfffsfs-titre-1-copie.jpg?resize=1024%2C729 1024w, https:\/\/i0.wp.com\/www.fo-saint-etienne.fr\/fomunvse\/wp-content\/uploads\/2025\/01\/Sansdfqsdfsqdfsdfsdfdfffsfs-titre-1-copie.jpg?resize=768%2C546 768w, https:\/\/i0.wp.com\/www.fo-saint-etienne.fr\/fomunvse\/wp-content\/uploads\/2025\/01\/Sansdfqsdfsqdfsdfsdfdfffsfs-titre-1-copie.jpg?resize=100%2C70 100w, https:\/\/i0.wp.com\/www.fo-saint-etienne.fr\/fomunvse\/wp-content\/uploads\/2025\/01\/Sansdfqsdfsqdfsdfsdfdfffsfs-titre-1-copie.jpg?w=1040 1040w\" sizes=\"auto, (max-width: 300px) 100vw, 300px\" \/><\/a><\/h4>\n<h4 class=\"text-align-justify\"><span style=\"color: #993366;\"><strong>Un d\u00e9cret paru la veille de No\u00ebl apporte des modifications au d\u00e9cret de mai 2020 qui a lanc\u00e9 l&rsquo;exp\u00e9rimentation organisant la titularisation dans un corps ou cadre d&#8217;emplois des b\u00e9n\u00e9ficiaires de l&rsquo;obligation d&#8217;emploi des travailleurs handicap\u00e9s \u00e0 l&rsquo;issue d&rsquo;un contrat d&rsquo;apprentissage. Cette exp\u00e9rimentation pr\u00e9vue par la loi du 6 ao\u00fbt 2019 de transformation de la fonction publique doit prendre fin en ao\u00fbt 2025, avant une possible g\u00e9n\u00e9ralisation. Le texte pr\u00e9cise notamment le niveau de dipl\u00f4me requis pour \u00eatre titularis\u00e9, augmente les d\u00e9lais pour faire la demande de titularisation et celui de la proposition de poste par l\u2019administration.<\/strong><\/span><\/h4>\n<div class=\"table-responsive\">\n<table>\n<tbody>\n<tr>\n<td><em><strong>R\u00e9f\u00e9rence<\/strong> :\u00a0<\/em><a class=\"ext\" title=\"(opens in a new window)\" href=\"https:\/\/www.legifrance.gouv.fr\/eli\/decret\/2024\/12\/23\/TFPF2427972D\/jo\/texte\" target=\"_blank\" rel=\"noopener\" data-extlink=\"\"><em>d\u00e9cret<\/em><span class=\"sr-only\">(Lien sortant, nouvelle fen\u00eatre)<\/span><\/a><em> n\u00b0 2024-1207 du 23 d\u00e9cembre 2024 modifiant le d\u00e9cret n\u00b0 2020-530 du 5 mai 2020 fixant pour une p\u00e9riode limit\u00e9e les modalit\u00e9s de titularisation dans un corps ou cadre d&#8217;emplois de la fonction publique des b\u00e9n\u00e9ficiaires de l&rsquo;obligation d&#8217;emploi des travailleurs handicap\u00e9s \u00e0 l&rsquo;issue d&rsquo;un contrat d&rsquo;apprentissage.<\/em><\/p>\n<p>&nbsp;<\/p>\n<p><a href=\"https:\/\/www.banquedesterritoires.fr\/fonction-publique-territoriale-les-textes-parus-durant-la-treve-des-confiseurs\" target=\"_blank\" rel=\"noopener\">\u00a9 banque des territoires<\/a><\/td>\n<\/tr>\n<\/tbody>\n<\/table>\n<\/div>\n","protected":false},"excerpt":{"rendered":"<p>Un d\u00e9cret paru la veille de No\u00ebl apporte des modifications au d\u00e9cret de mai 2020 qui a lanc\u00e9 l&rsquo;exp\u00e9rimentation organisant la titularisation dans un corps [&#8230;]<\/p>\n","protected":false},"author":1,"featured_media":0,"parent":0,"menu_order":0,"comment_status":"closed","ping_status":"closed","template":"","meta":{"jetpack_post_was_ever_published":false,"footnotes":""},"class_list":["post-2277","page","type-page","status-publish","hentry"],"jetpack_sharing_enabled":true,"jetpack_shortlink":"https:\/\/wp.me\/P9roQz-AJ","jetpack_likes_enabled":false,"publishpress_future_action":{"enabled":false,"date":"2026-04-21 19:34:04","action":"change-status","newStatus":"draft","terms":[],"taxonomy":""},"publishpress_future_workflow_manual_trigger":{"enabledWorkflows":[]},"_links":{"self":[{"href":"http:\/\/www.fo-saint-etienne.fr\/fomunvse\/index.php?rest_route=\/wp\/v2\/pages\/2277","targetHints":{"allow":["GET"]}}],"collection":[{"href":"http:\/\/www.fo-saint-etienne.fr\/fomunvse\/index.php?rest_route=\/wp\/v2\/pages"}],"about":[{"href":"http:\/\/www.fo-saint-etienne.fr\/fomunvse\/index.php?rest_route=\/wp\/v2\/types\/page"}],"author":[{"embeddable":true,"href":"http:\/\/www.fo-saint-etienne.fr\/fomunvse\/index.php?rest_route=\/wp\/v2\/users\/1"}],"replies":[{"embeddable":true,"href":"http:\/\/www.fo-saint-etienne.fr\/fomunvse\/index.php?rest_route=%2Fwp%2Fv2%2Fcomments&post=2277"}],"version-history":[{"count":2,"href":"http:\/\/www.fo-saint-etienne.fr\/fomunvse\/index.php?rest_route=\/wp\/v2\/pages\/2277\/revisions"}],"predecessor-version":[{"id":2291,"href":"http:\/\/www.fo-saint-etienne.fr\/fomunvse\/index.php?rest_route=\/wp\/v2\/pages\/2277\/revisions\/2291"}],"wp:attachment":[{"href":"http:\/\/www.fo-saint-etienne.fr\/fomunvse\/index.php?rest_route=%2Fwp%2Fv2%2Fmedia&parent=2277"}],"curies":[{"name":"wp","href":"https:\/\/api.w.org\/{rel}","templated":true}]}}