{"id":2279,"date":"2025-01-14T10:13:39","date_gmt":"2025-01-14T09:13:39","guid":{"rendered":"http:\/\/www.fo-saint-etienne.fr\/fomunvse\/?page_id=2279"},"modified":"2025-01-14T10:29:59","modified_gmt":"2025-01-14T09:29:59","slug":"pensions-de-retraite-des-agents-publics","status":"publish","type":"page","link":"http:\/\/www.fo-saint-etienne.fr\/fomunvse\/?page_id=2279","title":{"rendered":"Pensions de retraite des agents publics"},"content":{"rendered":"<h4 style=\"text-align: center;\"><strong><span style=\"color: #993366;\"><a style=\"color: #993366;\" href=\"https:\/\/i0.wp.com\/www.fo-saint-etienne.fr\/fomunvse\/wp-content\/uploads\/2025\/01\/Sansdfqsdfsqdfsdfsdfdfffsfs-titre-1-copie.jpg\"><img data-recalc-dims=\"1\" loading=\"lazy\" decoding=\"async\" data-attachment-id=\"2272\" data-permalink=\"http:\/\/www.fo-saint-etienne.fr\/fomunvse\/?attachment_id=2272\" data-orig-file=\"https:\/\/i0.wp.com\/www.fo-saint-etienne.fr\/fomunvse\/wp-content\/uploads\/2025\/01\/Sansdfqsdfsqdfsdfsdfdfffsfs-titre-1-copie.jpg?fit=1040%2C740\" data-orig-size=\"1040,740\" data-comments-opened=\"1\" data-image-meta=\"{&quot;aperture&quot;:&quot;0&quot;,&quot;credit&quot;:&quot;&quot;,&quot;camera&quot;:&quot;&quot;,&quot;caption&quot;:&quot;&quot;,&quot;created_timestamp&quot;:&quot;0&quot;,&quot;copyright&quot;:&quot;&quot;,&quot;focal_length&quot;:&quot;0&quot;,&quot;iso&quot;:&quot;0&quot;,&quot;shutter_speed&quot;:&quot;0&quot;,&quot;title&quot;:&quot;&quot;,&quot;orientation&quot;:&quot;0&quot;}\" data-image-title=\"Sansdfqsdfsqdfsdfsdfdfffsfs titre-1 copie\" data-image-description=\"\" data-image-caption=\"\" data-medium-file=\"https:\/\/i0.wp.com\/www.fo-saint-etienne.fr\/fomunvse\/wp-content\/uploads\/2025\/01\/Sansdfqsdfsqdfsdfsdfdfffsfs-titre-1-copie.jpg?fit=300%2C213\" data-large-file=\"https:\/\/i0.wp.com\/www.fo-saint-etienne.fr\/fomunvse\/wp-content\/uploads\/2025\/01\/Sansdfqsdfsqdfsdfsdfdfffsfs-titre-1-copie.jpg?fit=860%2C612\" class=\"alignnone size-medium wp-image-2272\" src=\"https:\/\/i0.wp.com\/www.fo-saint-etienne.fr\/fomunvse\/wp-content\/uploads\/2025\/01\/Sansdfqsdfsqdfsdfsdfdfffsfs-titre-1-copie.jpg?resize=300%2C213\" alt=\"\" width=\"300\" height=\"213\" srcset=\"https:\/\/i0.wp.com\/www.fo-saint-etienne.fr\/fomunvse\/wp-content\/uploads\/2025\/01\/Sansdfqsdfsqdfsdfsdfdfffsfs-titre-1-copie.jpg?resize=300%2C213 300w, https:\/\/i0.wp.com\/www.fo-saint-etienne.fr\/fomunvse\/wp-content\/uploads\/2025\/01\/Sansdfqsdfsqdfsdfsdfdfffsfs-titre-1-copie.jpg?resize=1024%2C729 1024w, https:\/\/i0.wp.com\/www.fo-saint-etienne.fr\/fomunvse\/wp-content\/uploads\/2025\/01\/Sansdfqsdfsqdfsdfsdfdfffsfs-titre-1-copie.jpg?resize=768%2C546 768w, https:\/\/i0.wp.com\/www.fo-saint-etienne.fr\/fomunvse\/wp-content\/uploads\/2025\/01\/Sansdfqsdfsqdfsdfsdfdfffsfs-titre-1-copie.jpg?resize=100%2C70 100w, https:\/\/i0.wp.com\/www.fo-saint-etienne.fr\/fomunvse\/wp-content\/uploads\/2025\/01\/Sansdfqsdfsqdfsdfsdfdfffsfs-titre-1-copie.jpg?w=1040 1040w\" sizes=\"auto, (max-width: 300px) 100vw, 300px\" \/><\/a><\/span><\/strong><\/h4>\n<div class=\"table-responsive\">\n<p class=\"text-align-justify\"><strong><span style=\"color: #993366;\">Deux d\u00e9crets relatifs aux pensions des agents publics ont \u00e9t\u00e9 publi\u00e9s le 1er janvier. Tous deux ont \u00e9t\u00e9 pris en application des lois de finances et de financement de la s\u00e9curit\u00e9 sociale pour 2024 et proc\u00e8dent \u00e0 la modification de plusieurs d\u00e9crets.<\/span><\/strong><\/p>\n<p class=\"text-align-justify\"><strong><span style=\"color: #993366;\">L&rsquo;un des deux, pris en Conseil d&rsquo;\u00c9tat, permet la prise en compte des services contractuels effectu\u00e9s moins de dix ans avant la titularisation dans la dur\u00e9e de services exig\u00e9e pour b\u00e9n\u00e9ficier d&rsquo;un d\u00e9part anticip\u00e9, lorsqu&rsquo;un agent occupe un emploi pr\u00e9sentant un risque particulier ou des fatigues exceptionnelles (\u00ab\u00a0cat\u00e9gorie active\u00a0\u00bb) ou un emploi insalubre. La mesure avait figur\u00e9 dans le projet de loi de r\u00e9forme des retraites de 2023, avant que le Conseil constitutionnel ne d\u00e9cide de la retoquer. Le gouvernement d&rsquo;\u00c9lisabeth Borne l&rsquo;avait donc r\u00e9introduite dans la loi de financement de la s\u00e9curit\u00e9 sociale pour 2024 (voir notre <a style=\"color: #993366;\" href=\"https:\/\/www.banquedesterritoires.fr\/fonction-publique-les-annees-passees-comme-contractuel-vont-compter-pour-la-categorie-active\" target=\"_blank\" rel=\"noopener\">article<\/a> de novembre 2023).<\/span><\/strong><\/p>\n<p class=\"text-align-justify\"><strong><span style=\"color: #993366;\">En outre, le d\u00e9cret proc\u00e8de \u00e0 des modifications du dispositif de rachat d&rsquo;ann\u00e9es d&rsquo;\u00e9tudes et \u00e9tablit les r\u00e8gles de proratisation de la liquidation de la prime de feu des sapeurs-pompiers professionnels.<\/span><\/strong><\/p>\n<p class=\"text-align-justify\"><strong><span style=\"color: #993366;\">L&rsquo;autre d\u00e9cret est un d\u00e9cret simple. Il pr\u00e9voit notamment d&rsquo;aligner sur le r\u00e9gime g\u00e9n\u00e9ral les r\u00e8gles selon lesquelles les agents peuvent racheter \u00e0 tarif r\u00e9duit des ann\u00e9es d&rsquo;\u00e9tudes pour le calcul de leur pension. Ces derniers peuvent d\u00e9sormais faire leur demande jusqu&rsquo;au 31 d\u00e9cembre de l&rsquo;ann\u00e9e civile de leur quaranti\u00e8me anniversaire. Auparavant, ils pouvaient le faire jusqu\u2019\u00e0 la fin de la dixi\u00e8me ann\u00e9e civile suivant la fin des \u00e9tudes, ind\u00e9pendamment de l\u2019\u00e2ge de l\u2019agent.<\/span><\/strong><\/p>\n<\/div>\n<div class=\"table-responsive\">\n<div class=\"table-responsive\">\n<table>\n<tbody>\n<tr>\n<td><em><strong>R\u00e9f\u00e9rences<\/strong> :\u00a0<\/em><a class=\"ext\" title=\"(opens in a new window)\" href=\"https:\/\/www.legifrance.gouv.fr\/jorf\/id\/JORFTEXT000050935358\" target=\"_blank\" rel=\"noopener\" data-extlink=\"\"><em>d\u00e9cret<\/em><span class=\"sr-only\">(Lien sortant, nouvelle fen\u00eatre)<\/span><\/a><em> n\u00b0 2024-1281 du 31 d\u00e9cembre 2024 relatif aux pensions des agents publics ;\u00a0<\/em><a class=\"ext\" title=\"(opens in a new window)\" href=\"https:\/\/www.legifrance.gouv.fr\/jorf\/id\/JORFTEXT000050935436\" target=\"_blank\" rel=\"noopener\" data-extlink=\"\"><em>d\u00e9cret<\/em><span class=\"sr-only\">(Lien sortant, nouvelle fen\u00eatre)<\/span><\/a><em> n\u00b0 2024-1282 du 31 d\u00e9cembre 2024 portant application de l&rsquo;article 94 de la loi n\u00b0 2023-1250 du 26 d\u00e9cembre 2023 de financement de la s\u00e9curit\u00e9 sociale pour 2024 et de l&rsquo;article 262 de la loi n\u00b0 2023-1322 du 29 d\u00e9cembre 2023 de finances pour 2024.<\/em><\/p>\n<p><a href=\"https:\/\/www.banquedesterritoires.fr\/fonction-publique-territoriale-les-textes-parus-durant-la-treve-des-confiseurs\" target=\"_blank\" rel=\"noopener\">\u00a9 banque des territoires<\/a><\/td>\n<\/tr>\n<\/tbody>\n<\/table>\n<\/div>\n<\/div>\n","protected":false},"excerpt":{"rendered":"<p>Deux d\u00e9crets relatifs aux pensions des agents publics ont \u00e9t\u00e9 publi\u00e9s le 1er janvier. Tous deux ont \u00e9t\u00e9 pris en application des lois de finances [&#8230;]<\/p>\n","protected":false},"author":1,"featured_media":0,"parent":0,"menu_order":0,"comment_status":"closed","ping_status":"closed","template":"","meta":{"jetpack_post_was_ever_published":false,"footnotes":""},"class_list":["post-2279","page","type-page","status-publish","hentry"],"jetpack_sharing_enabled":true,"jetpack_shortlink":"https:\/\/wp.me\/P9roQz-AL","jetpack_likes_enabled":false,"publishpress_future_action":{"enabled":false,"date":"2026-04-22 14:08:05","action":"change-status","newStatus":"draft","terms":[],"taxonomy":""},"publishpress_future_workflow_manual_trigger":{"enabledWorkflows":[]},"_links":{"self":[{"href":"http:\/\/www.fo-saint-etienne.fr\/fomunvse\/index.php?rest_route=\/wp\/v2\/pages\/2279","targetHints":{"allow":["GET"]}}],"collection":[{"href":"http:\/\/www.fo-saint-etienne.fr\/fomunvse\/index.php?rest_route=\/wp\/v2\/pages"}],"about":[{"href":"http:\/\/www.fo-saint-etienne.fr\/fomunvse\/index.php?rest_route=\/wp\/v2\/types\/page"}],"author":[{"embeddable":true,"href":"http:\/\/www.fo-saint-etienne.fr\/fomunvse\/index.php?rest_route=\/wp\/v2\/users\/1"}],"replies":[{"embeddable":true,"href":"http:\/\/www.fo-saint-etienne.fr\/fomunvse\/index.php?rest_route=%2Fwp%2Fv2%2Fcomments&post=2279"}],"version-history":[{"count":3,"href":"http:\/\/www.fo-saint-etienne.fr\/fomunvse\/index.php?rest_route=\/wp\/v2\/pages\/2279\/revisions"}],"predecessor-version":[{"id":2290,"href":"http:\/\/www.fo-saint-etienne.fr\/fomunvse\/index.php?rest_route=\/wp\/v2\/pages\/2279\/revisions\/2290"}],"wp:attachment":[{"href":"http:\/\/www.fo-saint-etienne.fr\/fomunvse\/index.php?rest_route=%2Fwp%2Fv2%2Fmedia&parent=2279"}],"curies":[{"name":"wp","href":"https:\/\/api.w.org\/{rel}","templated":true}]}}