{"id":2282,"date":"2025-01-14T10:19:15","date_gmt":"2025-01-14T09:19:15","guid":{"rendered":"http:\/\/www.fo-saint-etienne.fr\/fomunvse\/?page_id=2282"},"modified":"2025-01-14T10:28:18","modified_gmt":"2025-01-14T09:28:18","slug":"relevement-des-cotisations-vieillesse-a-la-cnracl-le-decret-toujours-attendu","status":"publish","type":"page","link":"http:\/\/www.fo-saint-etienne.fr\/fomunvse\/?page_id=2282","title":{"rendered":"Rel\u00e8vement des cotisations vieillesse \u00e0 la CNRACL : le d\u00e9cret toujours attendu"},"content":{"rendered":"<h4 style=\"text-align: center;\"><strong><span style=\"color: #993366;\"><a style=\"color: #993366;\" href=\"https:\/\/i0.wp.com\/www.fo-saint-etienne.fr\/fomunvse\/wp-content\/uploads\/2025\/01\/Sansdfqsdfsqdfsdfsdfdfffsfs-titre-1-copie.jpg\"><img data-recalc-dims=\"1\" loading=\"lazy\" decoding=\"async\" data-attachment-id=\"2272\" data-permalink=\"http:\/\/www.fo-saint-etienne.fr\/fomunvse\/?attachment_id=2272\" data-orig-file=\"https:\/\/i0.wp.com\/www.fo-saint-etienne.fr\/fomunvse\/wp-content\/uploads\/2025\/01\/Sansdfqsdfsqdfsdfsdfdfffsfs-titre-1-copie.jpg?fit=1040%2C740\" data-orig-size=\"1040,740\" data-comments-opened=\"1\" data-image-meta=\"{&quot;aperture&quot;:&quot;0&quot;,&quot;credit&quot;:&quot;&quot;,&quot;camera&quot;:&quot;&quot;,&quot;caption&quot;:&quot;&quot;,&quot;created_timestamp&quot;:&quot;0&quot;,&quot;copyright&quot;:&quot;&quot;,&quot;focal_length&quot;:&quot;0&quot;,&quot;iso&quot;:&quot;0&quot;,&quot;shutter_speed&quot;:&quot;0&quot;,&quot;title&quot;:&quot;&quot;,&quot;orientation&quot;:&quot;0&quot;}\" data-image-title=\"Sansdfqsdfsqdfsdfsdfdfffsfs titre-1 copie\" data-image-description=\"\" data-image-caption=\"\" data-medium-file=\"https:\/\/i0.wp.com\/www.fo-saint-etienne.fr\/fomunvse\/wp-content\/uploads\/2025\/01\/Sansdfqsdfsqdfsdfsdfdfffsfs-titre-1-copie.jpg?fit=300%2C213\" data-large-file=\"https:\/\/i0.wp.com\/www.fo-saint-etienne.fr\/fomunvse\/wp-content\/uploads\/2025\/01\/Sansdfqsdfsqdfsdfsdfdfffsfs-titre-1-copie.jpg?fit=860%2C612\" class=\"alignnone size-medium wp-image-2272\" src=\"https:\/\/i0.wp.com\/www.fo-saint-etienne.fr\/fomunvse\/wp-content\/uploads\/2025\/01\/Sansdfqsdfsqdfsdfsdfdfffsfs-titre-1-copie.jpg?resize=300%2C213\" alt=\"\" width=\"300\" height=\"213\" srcset=\"https:\/\/i0.wp.com\/www.fo-saint-etienne.fr\/fomunvse\/wp-content\/uploads\/2025\/01\/Sansdfqsdfsqdfsdfsdfdfffsfs-titre-1-copie.jpg?resize=300%2C213 300w, https:\/\/i0.wp.com\/www.fo-saint-etienne.fr\/fomunvse\/wp-content\/uploads\/2025\/01\/Sansdfqsdfsqdfsdfsdfdfffsfs-titre-1-copie.jpg?resize=1024%2C729 1024w, https:\/\/i0.wp.com\/www.fo-saint-etienne.fr\/fomunvse\/wp-content\/uploads\/2025\/01\/Sansdfqsdfsqdfsdfsdfdfffsfs-titre-1-copie.jpg?resize=768%2C546 768w, https:\/\/i0.wp.com\/www.fo-saint-etienne.fr\/fomunvse\/wp-content\/uploads\/2025\/01\/Sansdfqsdfsqdfsdfsdfdfffsfs-titre-1-copie.jpg?resize=100%2C70 100w, https:\/\/i0.wp.com\/www.fo-saint-etienne.fr\/fomunvse\/wp-content\/uploads\/2025\/01\/Sansdfqsdfsqdfsdfsdfdfffsfs-titre-1-copie.jpg?w=1040 1040w\" sizes=\"auto, (max-width: 300px) 100vw, 300px\" \/><\/a><\/span><\/strong><\/h4>\n<div class=\"table-responsive\">\n<div class=\"table-responsive\">\n<h4><span style=\"color: #993366;\"><strong>\u00c0 noter que le tr\u00e8s controvers\u00e9 d\u00e9cret relevant les cotisations vieillesse dues par les employeurs territoriaux pour leurs agents affili\u00e9s \u00e0 la Caisse nationale de retraite des agents des collectivit\u00e9s locales (CNRACL) &#8211; sur lequel les \u00e9lus locaux ont \u00e9t\u00e9 consult\u00e9s au cours des derni\u00e8res semaines de 2024 (voir notre article) &#8211; n&rsquo;est pas paru.<\/strong><\/span><\/h4>\n<h4><span style=\"color: #993366;\"><strong>En augmentant de douze points en quatre ans les cotisations vers\u00e9es par les employeurs territoriaux au principal r\u00e9gime de retraite de la fonction publique territoriale, le texte met \u00e0 leur charge une d\u00e9pense suppl\u00e9mentaire annuelle de plus de 4 milliards d&rsquo;euros \u00e0 partir de 2028.<\/strong><\/span><\/h4>\n<h4><span style=\"color: #993366;\"><strong>Le gouvernement de Fran\u00e7ois Bayrou ent\u00e9rinera-t-il le d\u00e9cret tel qu&rsquo;il a \u00e9t\u00e9 pr\u00e9par\u00e9 par son pr\u00e9d\u00e9cesseur \u00e0 Matignon ? Ou d\u00e9cidera-t-il de revoir les modalit\u00e9s de mont\u00e9e en charge du financement de la CNRACL par les collectivit\u00e9s ? Nul doute qu&rsquo;il exprimera dans les prochaines semaines sa position sur ce point, notamment \u00e0 la demande des associations d&rsquo;\u00e9lus locaux.<\/strong><\/span><\/h4>\n<h4><span style=\"color: #993366;\"><strong>Mais quel que soit son contenu et le calendrier de sa mise en \u0153uvre, le d\u00e9cret devrait s&rsquo;appliquer r\u00e9troactivement au 1er janvier (2025). \u00c0 l&rsquo;instar du d\u00e9cret publi\u00e9 le 31 janvier 2024, qui avait augment\u00e9 d&rsquo;un point le taux de la contribution des employeurs territoriaux \u00e0 la CNRACL (voir l&rsquo;article publi\u00e9 \u00e0 ce moment-l\u00e0) et qui avait concern\u00e9 y compris le mois de janvier (2024).<\/strong><\/span><\/h4>\n<\/div>\n<p><a href=\"https:\/\/www.banquedesterritoires.fr\/fonction-publique-territoriale-les-textes-parus-durant-la-treve-des-confiseurs\" target=\"_blank\" rel=\"noopener\">\u00a9 banque des territoires<\/a><\/p>\n<\/div>\n","protected":false},"excerpt":{"rendered":"<p>\u00c0 noter que le tr\u00e8s controvers\u00e9 d\u00e9cret relevant les cotisations vieillesse dues par les employeurs territoriaux pour leurs agents affili\u00e9s \u00e0 la Caisse nationale de [&#8230;]<\/p>\n","protected":false},"author":1,"featured_media":0,"parent":0,"menu_order":0,"comment_status":"closed","ping_status":"closed","template":"","meta":{"jetpack_post_was_ever_published":false,"footnotes":""},"class_list":["post-2282","page","type-page","status-publish","hentry"],"jetpack_sharing_enabled":true,"jetpack_shortlink":"https:\/\/wp.me\/P9roQz-AO","jetpack_likes_enabled":false,"publishpress_future_action":{"enabled":false,"date":"2026-04-23 11:32:39","action":"change-status","newStatus":"draft","terms":[],"taxonomy":""},"publishpress_future_workflow_manual_trigger":{"enabledWorkflows":[]},"_links":{"self":[{"href":"http:\/\/www.fo-saint-etienne.fr\/fomunvse\/index.php?rest_route=\/wp\/v2\/pages\/2282","targetHints":{"allow":["GET"]}}],"collection":[{"href":"http:\/\/www.fo-saint-etienne.fr\/fomunvse\/index.php?rest_route=\/wp\/v2\/pages"}],"about":[{"href":"http:\/\/www.fo-saint-etienne.fr\/fomunvse\/index.php?rest_route=\/wp\/v2\/types\/page"}],"author":[{"embeddable":true,"href":"http:\/\/www.fo-saint-etienne.fr\/fomunvse\/index.php?rest_route=\/wp\/v2\/users\/1"}],"replies":[{"embeddable":true,"href":"http:\/\/www.fo-saint-etienne.fr\/fomunvse\/index.php?rest_route=%2Fwp%2Fv2%2Fcomments&post=2282"}],"version-history":[{"count":3,"href":"http:\/\/www.fo-saint-etienne.fr\/fomunvse\/index.php?rest_route=\/wp\/v2\/pages\/2282\/revisions"}],"predecessor-version":[{"id":2288,"href":"http:\/\/www.fo-saint-etienne.fr\/fomunvse\/index.php?rest_route=\/wp\/v2\/pages\/2282\/revisions\/2288"}],"wp:attachment":[{"href":"http:\/\/www.fo-saint-etienne.fr\/fomunvse\/index.php?rest_route=%2Fwp%2Fv2%2Fmedia&parent=2282"}],"curies":[{"name":"wp","href":"https:\/\/api.w.org\/{rel}","templated":true}]}}