{"id":4322,"date":"2025-06-26T16:58:45","date_gmt":"2025-06-26T15:58:45","guid":{"rendered":"http:\/\/www.fo-saint-etienne.fr\/fomunvse\/?page_id=4322"},"modified":"2025-06-26T16:58:45","modified_gmt":"2025-06-26T15:58:45","slug":"ca-demenage-a-sem-et-a-la-ville","status":"publish","type":"page","link":"http:\/\/www.fo-saint-etienne.fr\/fomunvse\/?page_id=4322","title":{"rendered":"\u00c7a d\u00e9m\u00e9nage \u00e0 SEM et \u00e0 la Ville !"},"content":{"rendered":"<p><a href=\"http:\/\/www.fo-saint-etienne.fr\/fomunvse\/wp-content\/uploads\/2025\/05\/Tract-Demenegement.pdf\" target=\"_blank\" rel=\"noopener\"><img data-recalc-dims=\"1\" loading=\"lazy\" decoding=\"async\" data-attachment-id=\"3911\" data-permalink=\"http:\/\/www.fo-saint-etienne.fr\/fomunvse\/?attachment_id=3911\" data-orig-file=\"https:\/\/i0.wp.com\/www.fo-saint-etienne.fr\/fomunvse\/wp-content\/uploads\/2025\/05\/coup-de-gueule-3-1.png?fit=551%2C772\" data-orig-size=\"551,772\" data-comments-opened=\"1\" data-image-meta=\"{&quot;aperture&quot;:&quot;0&quot;,&quot;credit&quot;:&quot;&quot;,&quot;camera&quot;:&quot;&quot;,&quot;caption&quot;:&quot;&quot;,&quot;created_timestamp&quot;:&quot;0&quot;,&quot;copyright&quot;:&quot;&quot;,&quot;focal_length&quot;:&quot;0&quot;,&quot;iso&quot;:&quot;0&quot;,&quot;shutter_speed&quot;:&quot;0&quot;,&quot;title&quot;:&quot;&quot;,&quot;orientation&quot;:&quot;0&quot;}\" data-image-title=\"coup de gueule 3\" data-image-description=\"\" data-image-caption=\"\" data-medium-file=\"https:\/\/i0.wp.com\/www.fo-saint-etienne.fr\/fomunvse\/wp-content\/uploads\/2025\/05\/coup-de-gueule-3-1.png?fit=428%2C600\" data-large-file=\"https:\/\/i0.wp.com\/www.fo-saint-etienne.fr\/fomunvse\/wp-content\/uploads\/2025\/05\/coup-de-gueule-3-1.png?fit=551%2C772\" class=\"wp-image-3911 size-full aligncenter\" src=\"https:\/\/i0.wp.com\/www.fo-saint-etienne.fr\/fomunvse\/wp-content\/uploads\/2025\/05\/coup-de-gueule-3-1.png?resize=551%2C772\" alt=\"\" width=\"551\" height=\"772\" srcset=\"https:\/\/i0.wp.com\/www.fo-saint-etienne.fr\/fomunvse\/wp-content\/uploads\/2025\/05\/coup-de-gueule-3-1.png?w=551 551w, https:\/\/i0.wp.com\/www.fo-saint-etienne.fr\/fomunvse\/wp-content\/uploads\/2025\/05\/coup-de-gueule-3-1.png?resize=428%2C600 428w\" sizes=\"auto, (max-width: 551px) 100vw, 551px\" \/><\/a><\/p>\n","protected":false},"excerpt":{"rendered":"","protected":false},"author":1,"featured_media":0,"parent":0,"menu_order":0,"comment_status":"closed","ping_status":"closed","template":"","meta":{"jetpack_post_was_ever_published":false,"footnotes":""},"class_list":["post-4322","page","type-page","status-publish","hentry"],"jetpack_sharing_enabled":true,"jetpack_shortlink":"https:\/\/wp.me\/P9roQz-17I","jetpack_likes_enabled":false,"publishpress_future_action":{"enabled":false,"date":"2026-04-22 18:57:42","action":"change-status","newStatus":"draft","terms":[],"taxonomy":""},"publishpress_future_workflow_manual_trigger":{"enabledWorkflows":[]},"_links":{"self":[{"href":"http:\/\/www.fo-saint-etienne.fr\/fomunvse\/index.php?rest_route=\/wp\/v2\/pages\/4322","targetHints":{"allow":["GET"]}}],"collection":[{"href":"http:\/\/www.fo-saint-etienne.fr\/fomunvse\/index.php?rest_route=\/wp\/v2\/pages"}],"about":[{"href":"http:\/\/www.fo-saint-etienne.fr\/fomunvse\/index.php?rest_route=\/wp\/v2\/types\/page"}],"author":[{"embeddable":true,"href":"http:\/\/www.fo-saint-etienne.fr\/fomunvse\/index.php?rest_route=\/wp\/v2\/users\/1"}],"replies":[{"embeddable":true,"href":"http:\/\/www.fo-saint-etienne.fr\/fomunvse\/index.php?rest_route=%2Fwp%2Fv2%2Fcomments&post=4322"}],"version-history":[{"count":1,"href":"http:\/\/www.fo-saint-etienne.fr\/fomunvse\/index.php?rest_route=\/wp\/v2\/pages\/4322\/revisions"}],"predecessor-version":[{"id":4323,"href":"http:\/\/www.fo-saint-etienne.fr\/fomunvse\/index.php?rest_route=\/wp\/v2\/pages\/4322\/revisions\/4323"}],"wp:attachment":[{"href":"http:\/\/www.fo-saint-etienne.fr\/fomunvse\/index.php?rest_route=%2Fwp%2Fv2%2Fmedia&parent=4322"}],"curies":[{"name":"wp","href":"https:\/\/api.w.org\/{rel}","templated":true}]}}