{"id":4328,"date":"2025-06-26T17:09:25","date_gmt":"2025-06-26T16:09:25","guid":{"rendered":"http:\/\/www.fo-saint-etienne.fr\/fomunvse\/?page_id=4328"},"modified":"2025-06-26T17:10:30","modified_gmt":"2025-06-26T16:10:30","slug":"pas-tous-loges-a-la-meme-enseigne-pour-le-pause-meridiennes","status":"publish","type":"page","link":"http:\/\/www.fo-saint-etienne.fr\/fomunvse\/?page_id=4328","title":{"rendered":"Pas tous log\u00e9s \u00e0 la m\u00eame enseigne, pour le pause m\u00e9ridiennes !"},"content":{"rendered":"<p style=\"text-align: center;\"><a href=\"http:\/\/www.fo-saint-etienne.fr\/fomunvse\/wp-content\/uploads\/2025\/04\/Tract-CdG-FResto.pdf\" target=\"_blank\" rel=\"noopener\"><img data-recalc-dims=\"1\" loading=\"lazy\" decoding=\"async\" data-attachment-id=\"3417\" data-permalink=\"http:\/\/www.fo-saint-etienne.fr\/fomunvse\/?attachment_id=3417\" data-orig-file=\"https:\/\/i0.wp.com\/www.fo-saint-etienne.fr\/fomunvse\/wp-content\/uploads\/2025\/04\/Pas-tous-loges-a-la-meme-enseigne-1.png?fit=626%2C895\" data-orig-size=\"626,895\" data-comments-opened=\"1\" data-image-meta=\"{&quot;aperture&quot;:&quot;0&quot;,&quot;credit&quot;:&quot;&quot;,&quot;camera&quot;:&quot;&quot;,&quot;caption&quot;:&quot;&quot;,&quot;created_timestamp&quot;:&quot;0&quot;,&quot;copyright&quot;:&quot;&quot;,&quot;focal_length&quot;:&quot;0&quot;,&quot;iso&quot;:&quot;0&quot;,&quot;shutter_speed&quot;:&quot;0&quot;,&quot;title&quot;:&quot;&quot;,&quot;orientation&quot;:&quot;0&quot;}\" data-image-title=\"Pas tous log\u00e9s \u00e0 la m\u00eame enseigne\" data-image-description=\"\" data-image-caption=\"\" data-medium-file=\"https:\/\/i0.wp.com\/www.fo-saint-etienne.fr\/fomunvse\/wp-content\/uploads\/2025\/04\/Pas-tous-loges-a-la-meme-enseigne-1.png?fit=420%2C600\" data-large-file=\"https:\/\/i0.wp.com\/www.fo-saint-etienne.fr\/fomunvse\/wp-content\/uploads\/2025\/04\/Pas-tous-loges-a-la-meme-enseigne-1.png?fit=626%2C895\" class=\"aligncenter wp-image-3417 size-full\" src=\"https:\/\/i0.wp.com\/www.fo-saint-etienne.fr\/fomunvse\/wp-content\/uploads\/2025\/04\/Pas-tous-loges-a-la-meme-enseigne-1.png?resize=626%2C895\" alt=\"\" width=\"626\" height=\"895\" srcset=\"https:\/\/i0.wp.com\/www.fo-saint-etienne.fr\/fomunvse\/wp-content\/uploads\/2025\/04\/Pas-tous-loges-a-la-meme-enseigne-1.png?w=626 626w, https:\/\/i0.wp.com\/www.fo-saint-etienne.fr\/fomunvse\/wp-content\/uploads\/2025\/04\/Pas-tous-loges-a-la-meme-enseigne-1.png?resize=420%2C600 420w\" sizes=\"auto, (max-width: 626px) 100vw, 626px\" \/><\/a><\/p>\n","protected":false},"excerpt":{"rendered":"","protected":false},"author":1,"featured_media":0,"parent":0,"menu_order":0,"comment_status":"closed","ping_status":"closed","template":"","meta":{"jetpack_post_was_ever_published":false,"footnotes":""},"class_list":["post-4328","page","type-page","status-publish","hentry"],"jetpack_sharing_enabled":true,"jetpack_shortlink":"https:\/\/wp.me\/P9roQz-17O","jetpack_likes_enabled":false,"publishpress_future_action":{"enabled":false,"date":"2026-04-23 11:13:32","action":"change-status","newStatus":"draft","terms":[],"taxonomy":""},"publishpress_future_workflow_manual_trigger":{"enabledWorkflows":[]},"_links":{"self":[{"href":"http:\/\/www.fo-saint-etienne.fr\/fomunvse\/index.php?rest_route=\/wp\/v2\/pages\/4328","targetHints":{"allow":["GET"]}}],"collection":[{"href":"http:\/\/www.fo-saint-etienne.fr\/fomunvse\/index.php?rest_route=\/wp\/v2\/pages"}],"about":[{"href":"http:\/\/www.fo-saint-etienne.fr\/fomunvse\/index.php?rest_route=\/wp\/v2\/types\/page"}],"author":[{"embeddable":true,"href":"http:\/\/www.fo-saint-etienne.fr\/fomunvse\/index.php?rest_route=\/wp\/v2\/users\/1"}],"replies":[{"embeddable":true,"href":"http:\/\/www.fo-saint-etienne.fr\/fomunvse\/index.php?rest_route=%2Fwp%2Fv2%2Fcomments&post=4328"}],"version-history":[{"count":3,"href":"http:\/\/www.fo-saint-etienne.fr\/fomunvse\/index.php?rest_route=\/wp\/v2\/pages\/4328\/revisions"}],"predecessor-version":[{"id":4331,"href":"http:\/\/www.fo-saint-etienne.fr\/fomunvse\/index.php?rest_route=\/wp\/v2\/pages\/4328\/revisions\/4331"}],"wp:attachment":[{"href":"http:\/\/www.fo-saint-etienne.fr\/fomunvse\/index.php?rest_route=%2Fwp%2Fv2%2Fmedia&parent=4328"}],"curies":[{"name":"wp","href":"https:\/\/api.w.org\/{rel}","templated":true}]}}