{"id":744,"date":"2017-12-01T13:08:53","date_gmt":"2017-12-01T12:08:53","guid":{"rendered":"http:\/\/www.fo-saint-etienne.fr\/fomunvse\/?page_id=744"},"modified":"2017-12-03T15:06:09","modified_gmt":"2017-12-03T14:06:09","slug":"liens","status":"publish","type":"page","link":"http:\/\/www.fo-saint-etienne.fr\/fomunvse\/?page_id=744","title":{"rendered":"Liens"},"content":{"rendered":"<blockquote><p><big style=\"font-weight: bold;\">Livre d&rsquo;or du site<br \/>\n<\/big><big><small><a href=\"http:\/\/www.fo-saint-etienne.fr\/livredor\/\" target=\"_blank\" rel=\"noopener\">Livre d&rsquo;or<\/a><br \/>\n<\/small><\/big><span style=\"color: #009900;\">Vous pouvez signer notre livre d&rsquo;or !<\/span><br \/>\n<big><span style=\"font-weight: bold;\">Liens Force Ouvri\u00e8re<br \/>\n<\/span><\/big><a href=\"http:\/\/www.force-ouvriere.fr\/\" target=\"_blank\" rel=\"noopener\">Conf\u00e9d\u00e9ration FO<\/a><br \/>\nhttp:\/\/www.force-ouvriere.fr\/<br \/>\n<a href=\"http:\/\/fo-publics-sante.org\/\" target=\"_blank\" rel=\"noopener\">F\u00e9d\u00e9ration FO des Fonctionnaires<\/a><br \/>\nhttp:\/\/fo-publics-sante.org\/<br \/>\n<a href=\"http:\/\/afoc.net\/\">Association FO Consommateurs (AFOC)<\/a><br \/>\nhttp:\/\/afoc.net\/<br \/>\n<a href=\"http:\/\/udfo42.free.fr\/\">UD FO de la Loire<\/a><br \/>\nhttp:\/\/udfo42.free.fr\/<br \/>\n<a href=\"http:\/\/www.les-militants-de-fo-dans-la-loire.org\">Des militants FO dans la Loire <\/a><br \/>\nhttp:\/\/www.les-militants-de-fo-dans-la-loire.org<br \/>\n<big><span style=\"font-weight: bold;\">Collectivit\u00e9s Territoriales<\/span><\/big><br \/>\n<a href=\"http:\/\/www.saint-etienne.fr\/\" target=\"_blank\" rel=\"noopener\">Mairie de Saint-\u00c9tienne<\/a><br \/>\nhttp:\/\/www.saint-etienne.fr\/<br \/>\n<a href=\"http:\/\/www.agglo-st-etienne.fr\/\" target=\"_blank\" rel=\"noopener\">Agglom\u00e9ration<strong>\u00a0 <\/strong>Saint-\u00c9tienne M\u00e9tropole<\/a><br \/>\nhttp:\/\/www.agglo-st-etienne.fr\/<br \/>\n<big><span style=\"font-weight: bold;\">Mutuelles<\/span><\/big><br \/>\n<a href=\"http:\/\/www.mpcl.fr\/mutuelle.php\" target=\"_blank\" rel=\"noopener\">Mutuelle des Fonctionnaires Territoriaux (MPCL)<\/a><br \/>\nhttp:\/\/www.mpcl.fr\/mutuelle.php<br \/>\n<big style=\"font-weight: bold;\">Centres de Gestion<\/big><br \/>\n<a href=\"http:\/\/www.fncdg.fr\/fncdg\/htm\/accueil\/index.asp\" target=\"_blank\" rel=\"noopener\">Centres de Gestion de la Fonction Publique Territoriale<\/a><br \/>\nhttp:\/\/www.fncdg.fr\/fncdg\/htm\/accueil\/index.asp<br \/>\n<a href=\"http:\/\/www.cdg42.org\">Centre de Gestion de la Loire<\/a><br \/>\nhttp:\/\/www.cdg42.org<br \/>\n<a href=\"http:\/\/www.cdg69.fr\/\">Centre de Gestion du Rh\u00f4ne<\/a><br \/>\nhttp:\/\/www.cdg69.fr\/<br \/>\n<a href=\"http:\/\/www.cdg38.fr\/\">Centre de Gestion de l\u2019Is\u00e8re<\/a><br \/>\nhttp:\/\/www.cdg38.fr\/<br \/>\n<a href=\"http:\/\/www.cdg01.fr\/cdg01\" target=\"_blank\" rel=\"noopener\">Centre de Gestion de l\u2019Ain<\/a><br \/>\nhttp:\/\/www.cdg01.fr\/cdg01<br \/>\n<a href=\"http:\/\/www.cdg74.fr\/\" target=\"_blank\" rel=\"noopener\">Centre de Gestion de la Haute-Savoie<\/a><br \/>\nhttp:\/\/www.cdg74.fr\/<br \/>\n<big><span style=\"font-weight: bold;\">Retraites<\/span><\/big><br \/>\n<a href=\"http:\/\/www.cnracl.fr\/default.asp\" target=\"_blank\" rel=\"noopener\">Caisse Nationale de Retraite des Agents des Collectivit\u00e9s Locales (CNRACL)<\/a><br \/>\nhttp:\/\/www.cnracl.fr\/default.asp<br \/>\n<a href=\"http:\/\/www.ircantec.fr\/default.asp\" target=\"_blank\" rel=\"noopener\">Institution de Retraite Compl\u00e9mentaire des Agents non Titulaires de l&rsquo;\u00c9tat et des<br \/>\nCollectivit\u00e9s publiques (IRCANTEC)<\/a><br \/>\nhttp:\/\/www.ircantec.fr\/default.asp<br \/>\n<big style=\"font-weight: bold;\">Documentation<\/big><br \/>\n<a href=\"http:\/\/www.legifrance.org\/\" target=\"_blank\" rel=\"noopener\">L\u00e9gifrance<\/a><br \/>\nhttp:\/\/www.legifrance.org\/<br \/>\n<a href=\"http:\/\/www.service-public.fr\/\">Service-Public.fr<\/a><br \/>\nhttp:\/\/www.service-public.fr\/<br \/>\n<a href=\"http:\/\/www.lagazettedescommunes.com\/\" target=\"_blank\" rel=\"noopener\">La gazette des communes<\/a><br \/>\nhttp:\/\/www.lagazettedescommunes.com\/<br \/>\n<a href=\"http:\/\/www.territorial.fr\" target=\"_blank\" rel=\"noopener\">La lettre du cadre territorial<\/a><br \/>\nhttp:\/\/www.territorial.fr<br \/>\n<big><span style=\"font-weight: bold;\">R\u00e9serv\u00e9<\/span><\/big><br \/>\n<a href=\"http:\/\/www.fo-saint-etienne.fr\/conseilsyndical\/\" target=\"_blank\" rel=\"noopener\">Espace Conseil Syndical<br \/>\n<\/a><span style=\"color: #009900;\">(authentification obligatoire)<\/span><br \/>\nhttp:\/\/www.fo-saint-etienne.fr\/conseilsyndical\/<\/p><\/blockquote>\n","protected":false},"excerpt":{"rendered":"<p>Livre d&rsquo;or du site Livre d&rsquo;or Vous pouvez signer notre livre d&rsquo;or ! Liens Force Ouvri\u00e8re Conf\u00e9d\u00e9ration FO http:\/\/www.force-ouvriere.fr\/ F\u00e9d\u00e9ration FO des Fonctionnaires http:\/\/fo-publics-sante.org\/ Association [&#8230;]<\/p>\n","protected":false},"author":1,"featured_media":0,"parent":0,"menu_order":0,"comment_status":"closed","ping_status":"closed","template":"","meta":{"jetpack_post_was_ever_published":false,"footnotes":""},"class_list":["post-744","page","type-page","status-publish","hentry"],"jetpack_sharing_enabled":true,"jetpack_shortlink":"https:\/\/wp.me\/P9roQz-c0","jetpack_likes_enabled":false,"publishpress_future_action":{"enabled":false,"date":"2026-04-21 19:49:14","action":"change-status","newStatus":"draft","terms":[],"taxonomy":""},"publishpress_future_workflow_manual_trigger":{"enabledWorkflows":[]},"_links":{"self":[{"href":"http:\/\/www.fo-saint-etienne.fr\/fomunvse\/index.php?rest_route=\/wp\/v2\/pages\/744","targetHints":{"allow":["GET"]}}],"collection":[{"href":"http:\/\/www.fo-saint-etienne.fr\/fomunvse\/index.php?rest_route=\/wp\/v2\/pages"}],"about":[{"href":"http:\/\/www.fo-saint-etienne.fr\/fomunvse\/index.php?rest_route=\/wp\/v2\/types\/page"}],"author":[{"embeddable":true,"href":"http:\/\/www.fo-saint-etienne.fr\/fomunvse\/index.php?rest_route=\/wp\/v2\/users\/1"}],"replies":[{"embeddable":true,"href":"http:\/\/www.fo-saint-etienne.fr\/fomunvse\/index.php?rest_route=%2Fwp%2Fv2%2Fcomments&post=744"}],"version-history":[{"count":6,"href":"http:\/\/www.fo-saint-etienne.fr\/fomunvse\/index.php?rest_route=\/wp\/v2\/pages\/744\/revisions"}],"predecessor-version":[{"id":932,"href":"http:\/\/www.fo-saint-etienne.fr\/fomunvse\/index.php?rest_route=\/wp\/v2\/pages\/744\/revisions\/932"}],"wp:attachment":[{"href":"http:\/\/www.fo-saint-etienne.fr\/fomunvse\/index.php?rest_route=%2Fwp%2Fv2%2Fmedia&parent=744"}],"curies":[{"name":"wp","href":"https:\/\/api.w.org\/{rel}","templated":true}]}}