{"id":903,"date":"2017-12-02T17:34:22","date_gmt":"2017-12-02T16:34:22","guid":{"rendered":"http:\/\/www.fo-saint-etienne.fr\/fomunvse\/?page_id=903"},"modified":"2022-01-09T11:48:51","modified_gmt":"2022-01-09T10:48:51","slug":"contact","status":"publish","type":"page","link":"https:\/\/www.fo-saint-etienne.fr\/fomunvse\/?page_id=903","title":{"rendered":"Contactez nous"},"content":{"rendered":"<blockquote>\n<h5><span style=\"color: #0000ff;\"><strong>Section syndicale des Territoriaux de la Mairie de Saint-\u00c9tienne<\/strong><\/span><\/h5>\n<h3 style=\"text-align: center;\"><span style=\"color: #993300;\"><strong><img data-recalc-dims=\"1\" loading=\"lazy\" decoding=\"async\" class=\"alignnone\" src=\"https:\/\/i0.wp.com\/www.fo-saint-etienne.fr\/infos\/public\/Divers\/mail24.gif?resize=45%2C52\" width=\"45\" height=\"52\" \/>Force Ouvri\u00e8re Territoriaux<br \/>\nMairie de Saint-Etienne<br \/>\n<\/strong> <\/span><strong>19, rue L\u00e9on Lamaizi\u00e8re<br \/>\n<\/strong><strong>42000 Saint-Etienne<\/strong><\/h3>\n<h6 style=\"text-align: center;\"><em> Tous les Mardis<br \/>\nde 9h00 \u00e0 12h00 et sur Rendez-Vous<br \/>\n<\/em><strong>T\u00e9l\u00e9phone : 04 77 41 62 98<br \/>\n<\/strong><em><strong>E_Mail : <a title=\"Mail\" href=\"mailto:fo@saint-etienne.fr?subject=Demande%20de%20renseignements\" target=\"_self\" rel=\"noopener\">fo@saint-etienne.fr<\/a><\/strong><\/em><\/h6>\n<h6 style=\"text-align: center;\"><strong>N&rsquo;h\u00e9sitez pas \u00e0 nous contacter !<\/p>\n<p>Remplissez le formulaire ci-dessous et un email nous sera<br \/>\nautomatiquement envoy\u00e9.<\/strong><\/h6>\n\n<div class=\"wpcf7 no-js\" id=\"wpcf7-f902-o1\" lang=\"fr-FR\" dir=\"ltr\" data-wpcf7-id=\"902\">\n<div class=\"screen-reader-response\"><p role=\"status\" aria-live=\"polite\" aria-atomic=\"true\"><\/p> <ul><\/ul><\/div>\n<form action=\"\/fomunvse\/index.php?rest_route=%2Fwp%2Fv2%2Fpages%2F903#wpcf7-f902-o1\" method=\"post\" class=\"wpcf7-form init\" aria-label=\"Formulaire de contact\" novalidate=\"novalidate\" data-status=\"init\">\n<fieldset class=\"hidden-fields-container\"><input type=\"hidden\" name=\"_wpcf7\" value=\"902\" \/><input type=\"hidden\" name=\"_wpcf7_version\" value=\"6.1.5\" \/><input type=\"hidden\" name=\"_wpcf7_locale\" value=\"fr_FR\" \/><input type=\"hidden\" name=\"_wpcf7_unit_tag\" value=\"wpcf7-f902-o1\" \/><input type=\"hidden\" name=\"_wpcf7_container_post\" value=\"0\" \/><input type=\"hidden\" name=\"_wpcf7_posted_data_hash\" value=\"\" \/><input type=\"hidden\" name=\"_wpcf7_recaptcha_response\" value=\"\" \/>\n<\/fieldset>\n<p><label> Votre nom (obligatoire)<br \/>\n<span class=\"wpcf7-form-control-wrap\" data-name=\"your-name\"><input size=\"40\" maxlength=\"400\" class=\"wpcf7-form-control wpcf7-text wpcf7-validates-as-required\" aria-required=\"true\" aria-invalid=\"false\" value=\"\" type=\"text\" name=\"your-name\" \/><\/span> <\/label>\n<\/p>\n<p><label> Votre adresse de messagerie (obligatoire)<br \/>\n<span class=\"wpcf7-form-control-wrap\" data-name=\"your-email\"><input size=\"40\" maxlength=\"400\" class=\"wpcf7-form-control wpcf7-email wpcf7-validates-as-required wpcf7-text wpcf7-validates-as-email\" aria-required=\"true\" aria-invalid=\"false\" value=\"\" type=\"email\" name=\"your-email\" \/><\/span> <\/label>\n<\/p>\n<p><label> Objet<br \/>\n<span class=\"wpcf7-form-control-wrap\" data-name=\"your-subject\"><input size=\"40\" maxlength=\"400\" class=\"wpcf7-form-control wpcf7-text\" aria-invalid=\"false\" value=\"\" type=\"text\" name=\"your-subject\" \/><\/span> <\/label>\n<\/p>\n<p><label> Votre message<br \/>\n<span class=\"wpcf7-form-control-wrap\" data-name=\"your-message\"><textarea cols=\"40\" rows=\"10\" maxlength=\"2000\" class=\"wpcf7-form-control wpcf7-textarea\" aria-invalid=\"false\" name=\"your-message\"><\/textarea><\/span> <\/label>\n<\/p>\n\n<p><input class=\"wpcf7-form-control wpcf7-submit has-spinner\" type=\"submit\" value=\"Envoyer\" \/>\n<\/p><p style=\"display: none !important;\" class=\"akismet-fields-container\" data-prefix=\"_wpcf7_ak_\"><label>&#916;<textarea name=\"_wpcf7_ak_hp_textarea\" cols=\"45\" rows=\"8\" maxlength=\"100\"><\/textarea><\/label><input type=\"hidden\" id=\"ak_js_1\" name=\"_wpcf7_ak_js\" value=\"145\"\/><script type=\"text\/javascript\">\n\/* <![CDATA[ *\/\ndocument.getElementById( \"ak_js_1\" ).setAttribute( \"value\", ( new Date() ).getTime() );\n\/* ]]> *\/\n<\/script>\n<\/p><div class=\"wpcf7-response-output\" aria-hidden=\"true\"><\/div>\n<\/form>\n<\/div>\n<\/blockquote>\n","protected":false},"excerpt":{"rendered":"<p>Section syndicale des Territoriaux de la Mairie de Saint-\u00c9tienne Force Ouvri\u00e8re Territoriaux Mairie de Saint-Etienne 19, rue L\u00e9on Lamaizi\u00e8re 42000 Saint-Etienne Tous les Mardis de [&#8230;]<\/p>\n","protected":false},"author":1,"featured_media":0,"parent":0,"menu_order":100,"comment_status":"closed","ping_status":"closed","template":"","meta":{"jetpack_post_was_ever_published":false,"footnotes":""},"class_list":["post-903","page","type-page","status-publish","hentry"],"jetpack_sharing_enabled":true,"jetpack_shortlink":"https:\/\/wp.me\/P9roQz-ez","jetpack_likes_enabled":false,"publishpress_future_action":{"enabled":false,"date":"2026-05-20 22:29:11","action":"change-status","newStatus":"draft","terms":[],"taxonomy":"","extraData":[]},"publishpress_future_workflow_manual_trigger":{"enabledWorkflows":[]},"_links":{"self":[{"href":"https:\/\/www.fo-saint-etienne.fr\/fomunvse\/index.php?rest_route=\/wp\/v2\/pages\/903","targetHints":{"allow":["GET"]}}],"collection":[{"href":"https:\/\/www.fo-saint-etienne.fr\/fomunvse\/index.php?rest_route=\/wp\/v2\/pages"}],"about":[{"href":"https:\/\/www.fo-saint-etienne.fr\/fomunvse\/index.php?rest_route=\/wp\/v2\/types\/page"}],"author":[{"embeddable":true,"href":"https:\/\/www.fo-saint-etienne.fr\/fomunvse\/index.php?rest_route=\/wp\/v2\/users\/1"}],"replies":[{"embeddable":true,"href":"https:\/\/www.fo-saint-etienne.fr\/fomunvse\/index.php?rest_route=%2Fwp%2Fv2%2Fcomments&post=903"}],"version-history":[{"count":15,"href":"https:\/\/www.fo-saint-etienne.fr\/fomunvse\/index.php?rest_route=\/wp\/v2\/pages\/903\/revisions"}],"predecessor-version":[{"id":1551,"href":"https:\/\/www.fo-saint-etienne.fr\/fomunvse\/index.php?rest_route=\/wp\/v2\/pages\/903\/revisions\/1551"}],"wp:attachment":[{"href":"https:\/\/www.fo-saint-etienne.fr\/fomunvse\/index.php?rest_route=%2Fwp%2Fv2%2Fmedia&parent=903"}],"curies":[{"name":"wp","href":"https:\/\/api.w.org\/{rel}","templated":true}]}}